{"id":2986,"date":"2021-04-12T21:35:17","date_gmt":"2021-04-12T21:35:17","guid":{"rendered":"https:\/\/katarisportbike.cl\/?post_type=product&#038;p=2986"},"modified":"2022-07-05T18:47:53","modified_gmt":"2022-07-05T18:47:53","slug":"shiv-expert-disc-udi2-carb-metwhtsil-m","status":"publish","type":"product","link":"https:\/\/katarisportbike.cl\/index.php\/producto\/shiv-expert-disc-udi2-carb-metwhtsil-m\/","title":{"rendered":"SHIV EXPERT DISC UDI2 CARB\/METWHTSIL M"},"content":{"rendered":"<p>El cuadro de carbono FACT incre\u00edblemente aerodin\u00e1mico ha sido optimizado para viento cruzado, presenta detalles incre\u00edbles para garantizar mejor ajuste al deportista, ademas de su sistema Fuelcell de hidrataci\u00f3n y nutrici\u00f3n.<\/p>\n<p>La configuraci\u00f3n Shiv Disc es casi un minuto m\u00e1s r\u00e1pido en el recorrido de Kona, por lo tanto, no importa cu\u00e1nto necesite llevar, seguramente tendr\u00e1 la configuraci\u00f3n m\u00e1s r\u00e1pida el d\u00eda de la carrera.<\/p>\n<p>Al igual que con el Shiv original, el Shiv Disc presenta opciones de almacenamiento de Fuelcell de hidrataci\u00f3n y nutrici\u00f3n, las que se redise\u00f1aron desde cero. Movimos la celda de combustible de hidrataci\u00f3n desde el interior del cuadro a la parte trasera de la bicicleta. Ahora, est\u00e1 completamente oculto dentro del cuadro (incluso la manguera de hidrataci\u00f3n), lo que no solo permite una mayor capacidad de fluido, sino que tambi\u00e9n ayuda con la aerodin\u00e1mica. Nutrition Fuelcell utiliza el volumen adicional creado por la &#8220;nueva forma de velocidad&#8221; para el tubo inferior, y esto crea mucho espacio para los refrigerios. \u00bfCu\u00e1ntos bocadillos? 10-12 geles, 4-5 barras o 5-6 masticables encajan con facilidad, y tambi\u00e9n se puede quitar para acceder f\u00e1cilmente a la caja de conexiones en A Shimano Di2 o un kit de reparaci\u00f3n plano.<\/p>\n<p>Tambi\u00e9n nos aseguramos de que el Shiv sea lo suficientemente ajustable para que puedas marcar tu ajuste. El marco viene en cuatro tama\u00f1os diferentes que se basan en m\u00e1s de 1,000 ajustes Ret\u00fcl con atletas reales, todo para garantizar que su ajuste ideal sea alcanzable.<\/p>\n<p>Nuestra herramienta Shiv Finder facilita la determinaci\u00f3n de su tama\u00f1o en funci\u00f3n de su posici\u00f3n actual, por lo que es f\u00e1cil conseguir su posici\u00f3n aerodin\u00e1mica m\u00e1s potente.<\/p>\n<p>La capacidad de ajuste tambi\u00e9n ocupaba un lugar destacado en las aerobarras, extensiones y almohadillas para los brazos, por lo que la cabina es ajustable en casi todos los accesos.<\/p>\n<p>Las aerobarras, en s\u00ed mismas, tambi\u00e9n ofrecen una gran capacidad de ajuste: hacia adelante, hacia atr\u00e1s y el ancho de la plataforma, todo con posiciones agresivas y relajadas. Una ventaja adicional de esta capacidad de ajuste es la facilidad de desplazamiento. Todo lo que tienes que hacer es doblar la barra de la base hacia la horquilla, desatornillar la cabina y tu Shiv estar\u00e1 lista para la caja de la bicicleta. No podr\u00edamos hac\u00e9rselo m\u00e1s f\u00e1cil.<\/p>\n","protected":false},"excerpt":{"rendered":"<p>Nunca nos han gustado las reglas dogm\u00e1ticas. Y con un peque\u00f1o desaf\u00edo al libro de reglas de la UCI, el Shiv establece el nuevo est\u00e1ndar de velocidad, nuevamente. Mantiene su enfoque aerodin\u00e1mico, combustible y ajuste, pero lo hace de una manera completamente nueva y novedosa. S\u00ed, tiene frenos de disco. S\u00ed, es f\u00e1cil viajar con \u00e9l. Y s\u00ed, lleva la aerodin\u00e1mica a alturas inauditas utilizando funciones de almacenamiento y ajuste que tambi\u00e9n te hacen m\u00e1s r\u00e1pido. Solo hay una bicicleta que te ayudar\u00e1 a subir al podio esta temporada y esa es la Shiv Disc.<\/p>\n","protected":false},"featured_media":2991,"comment_status":"open","ping_status":"closed","template":"","meta":[],"class_list":["post-2986","product","type-product","status-publish","has-post-thumbnail","hentry","product_cat-bicicletas","product_cat-road","product_cat-triatlon"],"yoast_head":"<!-- This site is optimized with the Yoast SEO plugin v16.0.2 - https:\/\/yoast.com\/wordpress\/plugins\/seo\/ -->\n<title>SHIV EXPERT DISC UDI2 CARB\/METWHTSIL M &bull; Katari Sport Bike<\/title>\n<meta name=\"description\" content=\"Nunca nos han gustado las reglas dogm\u00e1ticas. Y con un peque\u00f1o desaf\u00edo al libro de reglas de la UCI, el Shiv establece el nuevo est\u00e1ndar de velocidad, nuevamente. Mantiene su enfoque aerodin\u00e1mico, combustible y ajuste, pero lo hace de una manera completamente nueva y novedosa. S\u00ed, tiene frenos de disco. S\u00ed, es f\u00e1cil viajar con \u00e9l. Y s\u00ed, lleva la aerodin\u00e1mica a alturas inauditas utilizando funciones de almacenamiento y ajuste que tambi\u00e9n te hacen m\u00e1s r\u00e1pido. Solo hay una bicicleta que te ayudar\u00e1 a subir al podio esta temporada y esa es la Shiv Disc.\" \/>\n<link rel=\"canonical\" href=\"https:\/\/katarisportbike.cl\/index.php\/producto\/shiv-expert-disc-udi2-carb-metwhtsil-m\/\" \/>\n<meta property=\"og:locale\" content=\"es_ES\" \/>\n<meta property=\"og:type\" content=\"article\" \/>\n<meta property=\"og:title\" content=\"SHIV EXPERT DISC UDI2 CARB\/METWHTSIL M &bull; Katari Sport Bike\" \/>\n<meta property=\"og:description\" content=\"Nunca nos han gustado las reglas dogm\u00e1ticas. Y con un peque\u00f1o desaf\u00edo al libro de reglas de la UCI, el Shiv establece el nuevo est\u00e1ndar de velocidad, nuevamente. Mantiene su enfoque aerodin\u00e1mico, combustible y ajuste, pero lo hace de una manera completamente nueva y novedosa. S\u00ed, tiene frenos de disco. S\u00ed, es f\u00e1cil viajar con \u00e9l. Y s\u00ed, lleva la aerodin\u00e1mica a alturas inauditas utilizando funciones de almacenamiento y ajuste que tambi\u00e9n te hacen m\u00e1s r\u00e1pido. Solo hay una bicicleta que te ayudar\u00e1 a subir al podio esta temporada y esa es la Shiv Disc.\" \/>\n<meta property=\"og:url\" content=\"https:\/\/katarisportbike.cl\/index.php\/producto\/shiv-expert-disc-udi2-carb-metwhtsil-m\/\" \/>\n<meta property=\"og:site_name\" content=\"Katari Sport Bike\" \/>\n<meta property=\"article:modified_time\" content=\"2022-07-05T18:47:53+00:00\" \/>\n<meta property=\"og:image\" content=\"https:\/\/katarisportbike.cl\/wp-content\/uploads\/2021\/04\/SHIV-EXPERT-DISC-UDI2-CARB_METWHTSIL-M_01-sq.jpeg\" \/>\n\t<meta property=\"og:image:width\" content=\"1080\" \/>\n\t<meta property=\"og:image:height\" content=\"1080\" \/>\n<meta name=\"twitter:card\" content=\"summary_large_image\" \/>\n<meta name=\"twitter:label1\" content=\"Est. reading time\">\n\t<meta name=\"twitter:data1\" content=\"2 minutos\">\n<script type=\"application\/ld+json\" class=\"yoast-schema-graph\">{\"@context\":\"https:\/\/schema.org\",\"@graph\":[{\"@type\":\"WebSite\",\"@id\":\"https:\/\/katarisportbike.cl\/#website\",\"url\":\"https:\/\/katarisportbike.cl\/\",\"name\":\"Katari Sport Bike\",\"description\":\"Representante Oficial de Specialized en Antofagasta\",\"potentialAction\":[{\"@type\":\"SearchAction\",\"target\":\"https:\/\/katarisportbike.cl\/?s={search_term_string}\",\"query-input\":\"required name=search_term_string\"}],\"inLanguage\":\"es-CL\"},{\"@type\":\"ImageObject\",\"@id\":\"https:\/\/katarisportbike.cl\/index.php\/producto\/shiv-expert-disc-udi2-carb-metwhtsil-m\/#primaryimage\",\"inLanguage\":\"es-CL\",\"url\":\"https:\/\/katarisportbike.cl\/wp-content\/uploads\/2021\/04\/SHIV-EXPERT-DISC-UDI2-CARB_METWHTSIL-M_01-sq.jpeg\",\"width\":1080,\"height\":1080,\"caption\":\"SHIV-EXPERT-DISC-UDI2-CARB_METWHTSIL-M\"},{\"@type\":\"WebPage\",\"@id\":\"https:\/\/katarisportbike.cl\/index.php\/producto\/shiv-expert-disc-udi2-carb-metwhtsil-m\/#webpage\",\"url\":\"https:\/\/katarisportbike.cl\/index.php\/producto\/shiv-expert-disc-udi2-carb-metwhtsil-m\/\",\"name\":\"SHIV EXPERT DISC UDI2 CARB\/METWHTSIL M &bull; Katari Sport Bike\",\"isPartOf\":{\"@id\":\"https:\/\/katarisportbike.cl\/#website\"},\"primaryImageOfPage\":{\"@id\":\"https:\/\/katarisportbike.cl\/index.php\/producto\/shiv-expert-disc-udi2-carb-metwhtsil-m\/#primaryimage\"},\"datePublished\":\"2021-04-12T21:35:17+00:00\",\"dateModified\":\"2022-07-05T18:47:53+00:00\",\"description\":\"Nunca nos han gustado las reglas dogm\\u00e1ticas. Y con un peque\\u00f1o desaf\\u00edo al libro de reglas de la UCI, el Shiv establece el nuevo est\\u00e1ndar de velocidad, nuevamente. Mantiene su enfoque aerodin\\u00e1mico, combustible y ajuste, pero lo hace de una manera completamente nueva y novedosa. S\\u00ed, tiene frenos de disco. S\\u00ed, es f\\u00e1cil viajar con \\u00e9l. Y s\\u00ed, lleva la aerodin\\u00e1mica a alturas inauditas utilizando funciones de almacenamiento y ajuste que tambi\\u00e9n te hacen m\\u00e1s r\\u00e1pido. Solo hay una bicicleta que te ayudar\\u00e1 a subir al podio esta temporada y esa es la Shiv Disc.\",\"breadcrumb\":{\"@id\":\"https:\/\/katarisportbike.cl\/index.php\/producto\/shiv-expert-disc-udi2-carb-metwhtsil-m\/#breadcrumb\"},\"inLanguage\":\"es-CL\",\"potentialAction\":[{\"@type\":\"ReadAction\",\"target\":[\"https:\/\/katarisportbike.cl\/index.php\/producto\/shiv-expert-disc-udi2-carb-metwhtsil-m\/\"]}]},{\"@type\":\"BreadcrumbList\",\"@id\":\"https:\/\/katarisportbike.cl\/index.php\/producto\/shiv-expert-disc-udi2-carb-metwhtsil-m\/#breadcrumb\",\"itemListElement\":[{\"@type\":\"ListItem\",\"position\":1,\"item\":{\"@type\":\"WebPage\",\"@id\":\"https:\/\/katarisportbike.cl\/\",\"url\":\"https:\/\/katarisportbike.cl\/\",\"name\":\"Home\"}},{\"@type\":\"ListItem\",\"position\":2,\"item\":{\"@type\":\"WebPage\",\"@id\":\"https:\/\/katarisportbike.cl\/index.php\/tienda\/\",\"url\":\"https:\/\/katarisportbike.cl\/index.php\/tienda\/\",\"name\":\"Tienda\"}},{\"@type\":\"ListItem\",\"position\":3,\"item\":{\"@type\":\"WebPage\",\"@id\":\"https:\/\/katarisportbike.cl\/index.php\/producto\/shiv-expert-disc-udi2-carb-metwhtsil-m\/\",\"url\":\"https:\/\/katarisportbike.cl\/index.php\/producto\/shiv-expert-disc-udi2-carb-metwhtsil-m\/\",\"name\":\"SHIV EXPERT DISC UDI2 CARB\/METWHTSIL M\"}}]}]}<\/script>\n<!-- \/ Yoast SEO plugin. -->","_links":{"self":[{"href":"https:\/\/katarisportbike.cl\/index.php\/wp-json\/wp\/v2\/product\/2986","targetHints":{"allow":["GET"]}}],"collection":[{"href":"https:\/\/katarisportbike.cl\/index.php\/wp-json\/wp\/v2\/product"}],"about":[{"href":"https:\/\/katarisportbike.cl\/index.php\/wp-json\/wp\/v2\/types\/product"}],"replies":[{"embeddable":true,"href":"https:\/\/katarisportbike.cl\/index.php\/wp-json\/wp\/v2\/comments?post=2986"}],"wp:featuredmedia":[{"embeddable":true,"href":"https:\/\/katarisportbike.cl\/index.php\/wp-json\/wp\/v2\/media\/2991"}],"wp:attachment":[{"href":"https:\/\/katarisportbike.cl\/index.php\/wp-json\/wp\/v2\/media?parent=2986"}],"curies":[{"name":"wp","href":"https:\/\/api.w.org\/{rel}","templated":true}]}}