{"id":3199,"date":"2022-05-18T19:40:26","date_gmt":"2022-05-18T19:40:26","guid":{"rendered":"https:\/\/katarisportbike.cl\/?post_type=product&#038;p=3199"},"modified":"2022-05-18T19:40:26","modified_gmt":"2022-05-18T19:40:26","slug":"turbo-levo-expert-s3","status":"publish","type":"product","link":"https:\/\/katarisportbike.cl\/index.php\/producto\/turbo-levo-expert-s3\/","title":{"rendered":"Turbo Levo Expert &#8211; S3"},"content":{"rendered":"<div>\n<p>La nueva Levo entrega una potencia incre\u00edble para recorrer m\u00e1s senderos a trav\u00e9s de una combinaci\u00f3n sin igual de calidad de manejo, potencia utilizable y rango para llegar a cualquier lugar. Es la destilaci\u00f3n, la aplicaci\u00f3n y la amplificaci\u00f3n de una obsesi\u00f3n de 40 a\u00f1os por crear las mejores bicicletas de monta\u00f1a del mundo. Desde su presentaci\u00f3n, la Levo ha fijado el list\u00f3n al que aspira cualquier otra e-MTB, y la nueva Levo lo hace una vez m\u00e1s.<\/p>\n<p>Todo inicia con nuestro motor Turbo Full Power 2.2 y la Unidad de Control Turbo MasterMind (TCU), que brindan a la Levo una amplificaci\u00f3n suave y fluida de tus esfuerzos: Cuadriplica tu potencia permiti\u00e9ndote elegir d\u00f3nde pedalear y cu\u00e1ndo quieres hacerlo. La Levo tambi\u00e9n rompe las limitaciones cuando se trata de rango, amplificando tu esfuerzo por hasta cinco horas de tiempo de recorrido. Ahora puedes llegar m\u00e1s lejos y explorar m\u00e1s que nunca. Y el chasis optimizado cuenta con 150 mm de suspensi\u00f3n trasera personalizada y geometr\u00eda ajustable que ofrece una conducci\u00f3n estable y natural como ninguna otra. Porque al final del d\u00eda, lo que importa es la rodada. Cr\u00e9elo.<\/p>\n<p>Aqu\u00ed es donde las cosas se intensifican: La Turbo Levo Expert viene equipada con una transmisi\u00f3n robusta X01 Eagle de 12 velocidadesde SRAM, Suspension Fox Performance Elite y ruedas Roval Traverse de alto rendimiento.<\/p>\n<\/div>\n<ul>\n<li>El motor Turbo Full Power 2.2 totalmente integrado de la Levo, la bater\u00eda de 700 Wh y la unidad de control superior MasterMind Turbo brindan 90 Nm de par y 565 vatios de potencia l\u00edderes en su categor\u00eda para hasta cinco horas de conducci\u00f3n, lo que te permite pedalear m\u00e1s lejos y m\u00e1s r\u00e1pido que nunca.<\/li>\n<li>La Unidad de Control MasterMind Turbo es tu centro de informaci\u00f3n, con campos de visualizaci\u00f3n personalizables, incluido el porcentaje exacto del nivel de la bater\u00eda. Cuenta con nuestra funci\u00f3n MicroTune totalmente nueva montada en la barra para ajustar la entrega de potencia en incrementos del 10%, para que obtengas soporte exacto que necesitas para experimentar precisamente la rodada que deseas.<\/li>\n<li>El dise\u00f1o exclusivo de rueda mixta con 27,5&#8243; en la parte trasera y 29&#8243; en la parte delantera ofrece una conducci\u00f3n \u00e1gil capaz de trazar c\u00edrculos alrededor de otras e-MTB del mercado. Un puesto de conducci\u00f3n generoso te centra en la bicicleta, optimizando la tracci\u00f3n y el control en curvas. En condiciones dif\u00edciles mantienes estabilidad gracias al pedalier bajo, al \u00e1ngulo holgado del tubo de direcci\u00f3n y al desplazamiento reducido de la horquilla.<\/li>\n<li>La Turbo Levo ofrece seis configuraciones de geometr\u00eda que permiten un f\u00e1cil ajuste para adaptarse a tu estilo y perfeccionar el rendimiento en cualquier terreno. El \u00e1ngulo de direcci\u00f3n se puede ajustar entre 63 y 65,5 grados. La altura del pedalier se puede tambi\u00e9n ajustar hacia arriba o hacia abajo en 7 mm.<\/li>\n<li>El recorrido de 150mm es flexible en peque\u00f1os baches y devora golpes escalonados sin problemas. Los badenes son pan comido, adem\u00e1s ofrece una respuesta al pedal asombrosa transfiriendo tu potencia al suelo con total eficiencia.<\/li>\n<li>El tallaje S-Sizing de la Turbo Levo se basa en lo que importa<\/li>\n<\/ul>\n","protected":false},"excerpt":{"rendered":"<p>La nueva Levo entrega una potencia incre\u00edble para recorrer m\u00e1s senderos a trav\u00e9s de una combinaci\u00f3n sin igual de calidad de manejo, potencia utilizable y rango para llegar a cualquier lugar. Es la destilaci\u00f3n, la aplicaci\u00f3n y la amplificaci\u00f3n de una obsesi\u00f3n de 40 a\u00f1os por crear las mejores bicicletas de monta\u00f1a del mundo. Desde [&hellip;]<\/p>\n","protected":false},"featured_media":3200,"comment_status":"open","ping_status":"closed","template":"","meta":[],"class_list":["post-3199","product","type-product","status-publish","has-post-thumbnail","hentry","product_cat-bicicletas"],"yoast_head":"<!-- This site is optimized with the Yoast SEO plugin v16.0.2 - https:\/\/yoast.com\/wordpress\/plugins\/seo\/ -->\n<title>Turbo Levo Expert - S3 &bull; Katari Sport Bike<\/title>\n<link rel=\"canonical\" href=\"https:\/\/katarisportbike.cl\/index.php\/producto\/turbo-levo-expert-s3\/\" \/>\n<meta property=\"og:locale\" content=\"es_ES\" \/>\n<meta property=\"og:type\" content=\"article\" \/>\n<meta property=\"og:title\" content=\"Turbo Levo Expert - S3 &bull; Katari Sport Bike\" \/>\n<meta property=\"og:description\" content=\"La nueva Levo entrega una potencia incre\u00edble para recorrer m\u00e1s senderos a trav\u00e9s de una combinaci\u00f3n sin igual de calidad de manejo, potencia utilizable y rango para llegar a cualquier lugar. Es la destilaci\u00f3n, la aplicaci\u00f3n y la amplificaci\u00f3n de una obsesi\u00f3n de 40 a\u00f1os por crear las mejores bicicletas de monta\u00f1a del mundo. Desde [&hellip;]\" \/>\n<meta property=\"og:url\" content=\"https:\/\/katarisportbike.cl\/index.php\/producto\/turbo-levo-expert-s3\/\" \/>\n<meta property=\"og:site_name\" content=\"Katari Sport Bike\" \/>\n<meta property=\"og:image\" content=\"https:\/\/katarisportbike.cl\/wp-content\/uploads\/2022\/05\/96421-30_LEVO-EXPERT-CARBON-CARB-SMK-BLK_HERO-1024x560.png\" \/>\n\t<meta property=\"og:image:width\" content=\"1024\" \/>\n\t<meta property=\"og:image:height\" content=\"560\" \/>\n<meta name=\"twitter:card\" content=\"summary_large_image\" \/>\n<meta name=\"twitter:label1\" content=\"Est. reading time\">\n\t<meta name=\"twitter:data1\" content=\"3 minutos\">\n<script type=\"application\/ld+json\" class=\"yoast-schema-graph\">{\"@context\":\"https:\/\/schema.org\",\"@graph\":[{\"@type\":\"WebSite\",\"@id\":\"https:\/\/katarisportbike.cl\/#website\",\"url\":\"https:\/\/katarisportbike.cl\/\",\"name\":\"Katari Sport Bike\",\"description\":\"Representante Oficial de Specialized en Antofagasta\",\"potentialAction\":[{\"@type\":\"SearchAction\",\"target\":\"https:\/\/katarisportbike.cl\/?s={search_term_string}\",\"query-input\":\"required name=search_term_string\"}],\"inLanguage\":\"es-CL\"},{\"@type\":\"ImageObject\",\"@id\":\"https:\/\/katarisportbike.cl\/index.php\/producto\/turbo-levo-expert-s3\/#primaryimage\",\"inLanguage\":\"es-CL\",\"url\":\"https:\/\/katarisportbike.cl\/wp-content\/uploads\/2022\/05\/96421-30_LEVO-EXPERT-CARBON-CARB-SMK-BLK_HERO.png\",\"width\":4000,\"height\":2186},{\"@type\":\"WebPage\",\"@id\":\"https:\/\/katarisportbike.cl\/index.php\/producto\/turbo-levo-expert-s3\/#webpage\",\"url\":\"https:\/\/katarisportbike.cl\/index.php\/producto\/turbo-levo-expert-s3\/\",\"name\":\"Turbo Levo Expert - S3 &bull; Katari Sport Bike\",\"isPartOf\":{\"@id\":\"https:\/\/katarisportbike.cl\/#website\"},\"primaryImageOfPage\":{\"@id\":\"https:\/\/katarisportbike.cl\/index.php\/producto\/turbo-levo-expert-s3\/#primaryimage\"},\"datePublished\":\"2022-05-18T19:40:26+00:00\",\"dateModified\":\"2022-05-18T19:40:26+00:00\",\"breadcrumb\":{\"@id\":\"https:\/\/katarisportbike.cl\/index.php\/producto\/turbo-levo-expert-s3\/#breadcrumb\"},\"inLanguage\":\"es-CL\",\"potentialAction\":[{\"@type\":\"ReadAction\",\"target\":[\"https:\/\/katarisportbike.cl\/index.php\/producto\/turbo-levo-expert-s3\/\"]}]},{\"@type\":\"BreadcrumbList\",\"@id\":\"https:\/\/katarisportbike.cl\/index.php\/producto\/turbo-levo-expert-s3\/#breadcrumb\",\"itemListElement\":[{\"@type\":\"ListItem\",\"position\":1,\"item\":{\"@type\":\"WebPage\",\"@id\":\"https:\/\/katarisportbike.cl\/\",\"url\":\"https:\/\/katarisportbike.cl\/\",\"name\":\"Home\"}},{\"@type\":\"ListItem\",\"position\":2,\"item\":{\"@type\":\"WebPage\",\"@id\":\"https:\/\/katarisportbike.cl\/index.php\/tienda\/\",\"url\":\"https:\/\/katarisportbike.cl\/index.php\/tienda\/\",\"name\":\"Tienda\"}},{\"@type\":\"ListItem\",\"position\":3,\"item\":{\"@type\":\"WebPage\",\"@id\":\"https:\/\/katarisportbike.cl\/index.php\/producto\/turbo-levo-expert-s3\/\",\"url\":\"https:\/\/katarisportbike.cl\/index.php\/producto\/turbo-levo-expert-s3\/\",\"name\":\"Turbo Levo Expert &#8211; S3\"}}]}]}<\/script>\n<!-- \/ Yoast SEO plugin. -->","_links":{"self":[{"href":"https:\/\/katarisportbike.cl\/index.php\/wp-json\/wp\/v2\/product\/3199","targetHints":{"allow":["GET"]}}],"collection":[{"href":"https:\/\/katarisportbike.cl\/index.php\/wp-json\/wp\/v2\/product"}],"about":[{"href":"https:\/\/katarisportbike.cl\/index.php\/wp-json\/wp\/v2\/types\/product"}],"replies":[{"embeddable":true,"href":"https:\/\/katarisportbike.cl\/index.php\/wp-json\/wp\/v2\/comments?post=3199"}],"wp:featuredmedia":[{"embeddable":true,"href":"https:\/\/katarisportbike.cl\/index.php\/wp-json\/wp\/v2\/media\/3200"}],"wp:attachment":[{"href":"https:\/\/katarisportbike.cl\/index.php\/wp-json\/wp\/v2\/media?parent=3199"}],"curies":[{"name":"wp","href":"https:\/\/api.w.org\/{rel}","templated":true}]}}