{"id":3203,"date":"2022-05-18T20:46:02","date_gmt":"2022-05-18T20:46:02","guid":{"rendered":"https:\/\/katarisportbike.cl\/?post_type=product&#038;p=3203"},"modified":"2022-05-18T20:46:02","modified_gmt":"2022-05-18T20:46:02","slug":"epic-ht-s-works-m","status":"publish","type":"product","link":"https:\/\/katarisportbike.cl\/index.php\/producto\/epic-ht-s-works-m\/","title":{"rendered":"EPIC HT S-WORKS &#8211; M"},"content":{"rendered":"<p>\u00bfC\u00f3mo llamas a una bicicleta de carrera r\u00edgida tan liviana que puede avergonzar a la mayor\u00eda de las bicicletas de carretera? Bueno, suponemos que podr\u00edas llamarlo apenas una cola, pero en realidad se conoce con el nombre de S-Works Epic Hardtail. Incluso mientras apenas se registra en la b\u00e1scula, la hemos cargado con la capacidad suficiente para hacer un buen n\u00famero en el camino. Bienvenido a tener tu pastel y com\u00e9rtelo tambi\u00e9n, al estilo S-Works. Trabajar para conseguir la bicicleta m\u00e1s ligera posible ha sido durante mucho tiempo la carrera dentro de la carrera, pero \u00bfa qu\u00e9 precio? La batalla de los gramos ciertamente no ha estado exenta de bajas, ya que las bicicletas de carreras XC de cola r\u00edgida se han convertido en una carrera dura y nerviosa a expensas de la capacidad y la versatilidad. Pero, \u00bfqui\u00e9n dijo que la fatiga de luchar contra tu propia bicicleta te hace m\u00e1s r\u00e1pido? En cambio, reconociendo que la bicicleta m\u00e1s r\u00e1pida es m\u00e1s que simplemente la bicicleta m\u00e1s liviana, dijimos fuera con la cola sacudida hasta la muerte, la cola de medir las penas de tu posterior por la yarda y dentro con la cola de vanguardia.<\/p>\n<p>La Epic Hardtail rid\u00edculamente capaz, desconcertantemente c\u00f3moda, asombrosamente ligera y r\u00e1pida en todos los sentidos. Claro, optimizamos cada cent\u00edmetro del cuadro Epic Hardtail para lograr el cuadro r\u00edgido de producci\u00f3n m\u00e1s liviano del mundo de todos modos, pero tambi\u00e9n priorizamos nuestro compromiso de crear un Epic Hardtail que sea tan capaz como c\u00f3modo con una geometr\u00eda agresiva inspirada en una sola pista, neum\u00e1ticos m\u00e1s grandes espacio libre y un cuadro dise\u00f1ado obsesivamente para aumentar el cumplimiento vertical, todo mientras se crea una bicicleta que vive y respira los fundamentos de la velocidad. Un cuadro tan incre\u00edblemente liviano pero con una capacidad impresionante merece una construcci\u00f3n a la altura y el S-Works Epic Hardtail ciertamente no decepciona. El grupo electr\u00f3nico Eagle XX1 AXS de SRAM y el juego de ruedas de peso pluma Roval Control SL lideran la carga al perder algunos gramos importantes mientras aumentan considerablemente el rendimiento.<\/p>\n<p>Combinando 100 mil\u00edmetros del recorrido m\u00e1s eficiente del mundo con el chasis SID SL Ultimate de RockShox, esbelto pero r\u00edgido, la horquilla RockShox SID SL Ultimate BRAIN sirve como el pin\u00e1culo de la perfecci\u00f3n de la suspensi\u00f3n de carreras XC.<br \/>\nEl cuadro S-Works Epic Hardtail de carbono FACT 12m, rid\u00edculamente capaz y sorprendentemente compatible con un peso que pondr\u00e1 celosos a la mayor\u00eda de los cuadros de ruta, no es solo liviano, es el cuadro r\u00edgido de producci\u00f3n m\u00e1s liviano jam\u00e1s producido.<br \/>\nEl pin\u00e1culo del rendimiento de la transmisi\u00f3n, XX1 Eagle AXS de SRAM combina tecnolog\u00eda inal\u00e1mbrica de \u00faltima generaci\u00f3n, un rendimiento de cambio incre\u00edblemente preciso y una versatilidad revolucionaria para redefinir dr\u00e1sticamente la experiencia de conducci\u00f3n.<br \/>\nCon un peso notable de 1240 gramos, el juego de ruedas Roval Control SL no solo aumenta la resistencia y reduce el peso, sino que tambi\u00e9n cuenta con un nuevo perfil de llanta de ancho interno de 29 mil\u00edmetros de ancho que mejora la resistencia a pinchazos en un 22 por ciento.<\/p>\n","protected":false},"excerpt":{"rendered":"<p>\u00bfC\u00f3mo llamas a una bicicleta de carrera r\u00edgida tan liviana que puede avergonzar a la mayor\u00eda de las bicicletas de carretera? Bueno, suponemos que podr\u00edas llamarlo apenas una cola, pero en realidad se conoce con el nombre de S-Works Epic Hardtail. Incluso mientras apenas se registra en la b\u00e1scula, la hemos cargado con la capacidad [&hellip;]<\/p>\n","protected":false},"featured_media":3204,"comment_status":"open","ping_status":"closed","template":"","meta":[],"class_list":["post-3203","product","type-product","status-publish","has-post-thumbnail","hentry","product_cat-bicicletas"],"yoast_head":"<!-- This site is optimized with the Yoast SEO plugin v16.0.2 - https:\/\/yoast.com\/wordpress\/plugins\/seo\/ -->\n<title>EPIC HT S-WORKS - M &bull; Katari Sport Bike<\/title>\n<link rel=\"canonical\" href=\"https:\/\/katarisportbike.cl\/index.php\/producto\/epic-ht-s-works-m\/\" \/>\n<meta property=\"og:locale\" content=\"es_ES\" \/>\n<meta property=\"og:type\" content=\"article\" \/>\n<meta property=\"og:title\" content=\"EPIC HT S-WORKS - M &bull; Katari Sport Bike\" \/>\n<meta property=\"og:description\" content=\"\u00bfC\u00f3mo llamas a una bicicleta de carrera r\u00edgida tan liviana que puede avergonzar a la mayor\u00eda de las bicicletas de carretera? Bueno, suponemos que podr\u00edas llamarlo apenas una cola, pero en realidad se conoce con el nombre de S-Works Epic Hardtail. Incluso mientras apenas se registra en la b\u00e1scula, la hemos cargado con la capacidad [&hellip;]\" \/>\n<meta property=\"og:url\" content=\"https:\/\/katarisportbike.cl\/index.php\/producto\/epic-ht-s-works-m\/\" \/>\n<meta property=\"og:site_name\" content=\"Katari Sport Bike\" \/>\n<meta property=\"og:image\" content=\"https:\/\/katarisportbike.cl\/wp-content\/uploads\/2022\/05\/91321-010_BIK_EPIC-HT-SW-CARB-CMLNSILGRN-CHRM_HERO_2e55e9dd-59d1-4bfd-a191-734d5b83691f.jpg\" \/>\n\t<meta property=\"og:image:width\" content=\"920\" \/>\n\t<meta property=\"og:image:height\" content=\"640\" \/>\n<meta name=\"twitter:card\" content=\"summary_large_image\" \/>\n<meta name=\"twitter:label1\" content=\"Est. reading time\">\n\t<meta name=\"twitter:data1\" content=\"3 minutos\">\n<script type=\"application\/ld+json\" class=\"yoast-schema-graph\">{\"@context\":\"https:\/\/schema.org\",\"@graph\":[{\"@type\":\"WebSite\",\"@id\":\"https:\/\/katarisportbike.cl\/#website\",\"url\":\"https:\/\/katarisportbike.cl\/\",\"name\":\"Katari Sport Bike\",\"description\":\"Representante Oficial de Specialized en Antofagasta\",\"potentialAction\":[{\"@type\":\"SearchAction\",\"target\":\"https:\/\/katarisportbike.cl\/?s={search_term_string}\",\"query-input\":\"required name=search_term_string\"}],\"inLanguage\":\"es-CL\"},{\"@type\":\"ImageObject\",\"@id\":\"https:\/\/katarisportbike.cl\/index.php\/producto\/epic-ht-s-works-m\/#primaryimage\",\"inLanguage\":\"es-CL\",\"url\":\"https:\/\/katarisportbike.cl\/wp-content\/uploads\/2022\/05\/91321-010_BIK_EPIC-HT-SW-CARB-CMLNSILGRN-CHRM_HERO_2e55e9dd-59d1-4bfd-a191-734d5b83691f.jpg\",\"width\":920,\"height\":640},{\"@type\":\"WebPage\",\"@id\":\"https:\/\/katarisportbike.cl\/index.php\/producto\/epic-ht-s-works-m\/#webpage\",\"url\":\"https:\/\/katarisportbike.cl\/index.php\/producto\/epic-ht-s-works-m\/\",\"name\":\"EPIC HT S-WORKS - M &bull; Katari Sport Bike\",\"isPartOf\":{\"@id\":\"https:\/\/katarisportbike.cl\/#website\"},\"primaryImageOfPage\":{\"@id\":\"https:\/\/katarisportbike.cl\/index.php\/producto\/epic-ht-s-works-m\/#primaryimage\"},\"datePublished\":\"2022-05-18T20:46:02+00:00\",\"dateModified\":\"2022-05-18T20:46:02+00:00\",\"breadcrumb\":{\"@id\":\"https:\/\/katarisportbike.cl\/index.php\/producto\/epic-ht-s-works-m\/#breadcrumb\"},\"inLanguage\":\"es-CL\",\"potentialAction\":[{\"@type\":\"ReadAction\",\"target\":[\"https:\/\/katarisportbike.cl\/index.php\/producto\/epic-ht-s-works-m\/\"]}]},{\"@type\":\"BreadcrumbList\",\"@id\":\"https:\/\/katarisportbike.cl\/index.php\/producto\/epic-ht-s-works-m\/#breadcrumb\",\"itemListElement\":[{\"@type\":\"ListItem\",\"position\":1,\"item\":{\"@type\":\"WebPage\",\"@id\":\"https:\/\/katarisportbike.cl\/\",\"url\":\"https:\/\/katarisportbike.cl\/\",\"name\":\"Home\"}},{\"@type\":\"ListItem\",\"position\":2,\"item\":{\"@type\":\"WebPage\",\"@id\":\"https:\/\/katarisportbike.cl\/index.php\/tienda\/\",\"url\":\"https:\/\/katarisportbike.cl\/index.php\/tienda\/\",\"name\":\"Tienda\"}},{\"@type\":\"ListItem\",\"position\":3,\"item\":{\"@type\":\"WebPage\",\"@id\":\"https:\/\/katarisportbike.cl\/index.php\/producto\/epic-ht-s-works-m\/\",\"url\":\"https:\/\/katarisportbike.cl\/index.php\/producto\/epic-ht-s-works-m\/\",\"name\":\"EPIC HT S-WORKS &#8211; M\"}}]}]}<\/script>\n<!-- \/ Yoast SEO plugin. -->","_links":{"self":[{"href":"https:\/\/katarisportbike.cl\/index.php\/wp-json\/wp\/v2\/product\/3203","targetHints":{"allow":["GET"]}}],"collection":[{"href":"https:\/\/katarisportbike.cl\/index.php\/wp-json\/wp\/v2\/product"}],"about":[{"href":"https:\/\/katarisportbike.cl\/index.php\/wp-json\/wp\/v2\/types\/product"}],"replies":[{"embeddable":true,"href":"https:\/\/katarisportbike.cl\/index.php\/wp-json\/wp\/v2\/comments?post=3203"}],"wp:featuredmedia":[{"embeddable":true,"href":"https:\/\/katarisportbike.cl\/index.php\/wp-json\/wp\/v2\/media\/3204"}],"wp:attachment":[{"href":"https:\/\/katarisportbike.cl\/index.php\/wp-json\/wp\/v2\/media?parent=3203"}],"curies":[{"name":"wp","href":"https:\/\/api.w.org\/{rel}","templated":true}]}}