{"id":3211,"date":"2022-07-01T22:36:20","date_gmt":"2022-07-01T22:36:20","guid":{"rendered":"https:\/\/katarisportbike.cl\/?post_type=product&#038;p=3211"},"modified":"2022-07-01T22:36:20","modified_gmt":"2022-07-01T22:36:20","slug":"epic-expert-2","status":"publish","type":"product","link":"https:\/\/katarisportbike.cl\/index.php\/producto\/epic-expert-2\/","title":{"rendered":"Epic Expert"},"content":{"rendered":"<p id=\"tw-target-text\" class=\"tw-data-text tw-text-large tw-ta\" dir=\"ltr\" data-placeholder=\"Traducci\u00f3n\"><span class=\"Y2IQFc\" lang=\"es\">Cuando llega la velocidad, Epic Expert no solo responde, sino que grita: &#8220;\u00a1Atr\u00e1pame si puedes!&#8221; Con la plataforma de suspensi\u00f3n m\u00e1s eficiente jam\u00e1s vista en una l\u00ednea de salida de la Copa del Mundo, el Epic Expert combina 100 mil\u00edmetros de recorrido delantero y trasero controlado por Brain en un paquete que naci\u00f3 para borrar segundos del reloj. Un CEREBRO m\u00e1s inteligente Combinando la eficiencia de una r\u00edgida y la capacidad de suspensi\u00f3n total para obtener resultados impresionantemente r\u00e1pidos, Epic siempre se ha definido por su compromiso inquebrantable con la velocidad.<\/span><\/p>\n<p id=\"tw-target-text\" class=\"tw-data-text tw-text-large tw-ta\" dir=\"ltr\" data-placeholder=\"Traducci\u00f3n\"><span class=\"Y2IQFc\" lang=\"es\">Fiel a su estilo, el \u00faltimo Epic contin\u00faa con la tradici\u00f3n, aprovechando la suspensi\u00f3n Brain m\u00e1s eficiente que jam\u00e1s hayamos creado. Redise\u00f1ado mano a mano con el nuevo Epic, el \u00faltimo dise\u00f1o de BRAIN restablece la expectativa de eficiencia, empleando una nueva plataforma de pedaleo ajustada a la carrera para garantizar que cada vatio se traduzca en movimiento hacia adelante, todo con m\u00e1s fluidez que nunca.<\/span><\/p>\n<p id=\"tw-target-text\" class=\"tw-data-text tw-text-large tw-ta\" dir=\"ltr\" data-placeholder=\"Traducci\u00f3n\"><span class=\"Y2IQFc\" lang=\"es\">Cuadro redise\u00f1ado con un enfoque en la transferencia\u00a0eficiente de potencia y un mejor rendimiento de manejo, el nuevo cuadro de carbono FACT 11m de Epic presenta un tri\u00e1ngulo trasero 15 por ciento m\u00e1s r\u00edgido para aprovechar al m\u00e1ximo la nueva plataforma de pedaleo ajustada para carreras de BRAIN, mientras que el cuadro de carbono distribuye el peso de los cobertizos del tri\u00e1ngulo delantero, elevando a\u00fan m\u00e1s la ya alt\u00edsima relaci\u00f3n rigidez-peso de la Epic. Ofreciendo 100 mil\u00edmetros de recorrido controlado por BRAIN brillantemente eficiente, el cuadro de carbono FACT 11m de Epic aumenta la rigidez del tri\u00e1ngulo trasero para una transferencia de potencia sin igual e introduce el manejo m\u00e1s capaz en un Epic hasta ahora, todo mientras pierde peso sobre el Epic de la generaci\u00f3n anterior. La horquilla RockShox SID SL BRAIN ofrece 100 mil\u00edmetros de recorrido BRAIN brillantemente controlado para un rendimiento eficiente que combina perfectamente con el sistema BRAIN trasero de Epic. Los frenos Level TL de SRAM, con frenos Sprightly stoppers, ofrecen una modulaci\u00f3n suave para un control preciso de la velocidad. Descendiendo de un largo linaje de la Copa del Mundo, las ruedas Roval Control Carbon construidas a mano cuentan con una moderna llanta sin gancho de 29 mil\u00edmetros de ancho interno y maximizan la resistencia, la calidad de conducci\u00f3n y la durabilidad mientras mantienen el peso al m\u00ednimo.<\/span><\/p>\n","protected":false},"excerpt":{"rendered":"<p>Cuando llega la velocidad, Epic Expert no solo responde, sino que grita: &#8220;\u00a1Atr\u00e1pame si puedes!&#8221; Con la plataforma de suspensi\u00f3n m\u00e1s eficiente jam\u00e1s vista en una l\u00ednea de salida de la Copa del Mundo, el Epic Expert combina 100 mil\u00edmetros de recorrido delantero y trasero controlado por Brain en un paquete que naci\u00f3 para borrar [&hellip;]<\/p>\n","protected":false},"featured_media":3212,"comment_status":"open","ping_status":"closed","template":"","meta":[],"class_list":["post-3211","product","type-product","status-publish","has-post-thumbnail","hentry","product_cat-bicicletas"],"yoast_head":"<!-- This site is optimized with the Yoast SEO plugin v16.0.2 - https:\/\/yoast.com\/wordpress\/plugins\/seo\/ -->\n<title>Epic Expert &bull; Katari Sport Bike<\/title>\n<link rel=\"canonical\" href=\"https:\/\/katarisportbike.cl\/index.php\/producto\/epic-expert-2\/\" \/>\n<meta property=\"og:locale\" content=\"es_ES\" \/>\n<meta property=\"og:type\" content=\"article\" \/>\n<meta property=\"og:title\" content=\"Epic Expert &bull; Katari Sport Bike\" \/>\n<meta property=\"og:description\" content=\"Cuando llega la velocidad, Epic Expert no solo responde, sino que grita: &#8220;\u00a1Atr\u00e1pame si puedes!&#8221; Con la plataforma de suspensi\u00f3n m\u00e1s eficiente jam\u00e1s vista en una l\u00ednea de salida de la Copa del Mundo, el Epic Expert combina 100 mil\u00edmetros de recorrido delantero y trasero controlado por Brain en un paquete que naci\u00f3 para borrar [&hellip;]\" \/>\n<meta property=\"og:url\" content=\"https:\/\/katarisportbike.cl\/index.php\/producto\/epic-expert-2\/\" \/>\n<meta property=\"og:site_name\" content=\"Katari Sport Bike\" \/>\n<meta property=\"og:image\" content=\"https:\/\/katarisportbike.cl\/wp-content\/uploads\/2022\/07\/97620-30_EPIC-EXPERT-REDTNT-WHT_FDSQ.jpg\" \/>\n\t<meta property=\"og:image:width\" content=\"2500\" \/>\n\t<meta property=\"og:image:height\" content=\"1406\" \/>\n<meta name=\"twitter:card\" content=\"summary_large_image\" \/>\n<meta name=\"twitter:label1\" content=\"Est. reading time\">\n\t<meta name=\"twitter:data1\" content=\"2 minutos\">\n<script type=\"application\/ld+json\" class=\"yoast-schema-graph\">{\"@context\":\"https:\/\/schema.org\",\"@graph\":[{\"@type\":\"WebSite\",\"@id\":\"https:\/\/katarisportbike.cl\/#website\",\"url\":\"https:\/\/katarisportbike.cl\/\",\"name\":\"Katari Sport Bike\",\"description\":\"Representante Oficial de Specialized en Antofagasta\",\"potentialAction\":[{\"@type\":\"SearchAction\",\"target\":\"https:\/\/katarisportbike.cl\/?s={search_term_string}\",\"query-input\":\"required name=search_term_string\"}],\"inLanguage\":\"es-CL\"},{\"@type\":\"ImageObject\",\"@id\":\"https:\/\/katarisportbike.cl\/index.php\/producto\/epic-expert-2\/#primaryimage\",\"inLanguage\":\"es-CL\",\"url\":\"https:\/\/katarisportbike.cl\/wp-content\/uploads\/2022\/07\/97620-30_EPIC-EXPERT-REDTNT-WHT_FDSQ.jpg\",\"width\":2500,\"height\":1406},{\"@type\":\"WebPage\",\"@id\":\"https:\/\/katarisportbike.cl\/index.php\/producto\/epic-expert-2\/#webpage\",\"url\":\"https:\/\/katarisportbike.cl\/index.php\/producto\/epic-expert-2\/\",\"name\":\"Epic Expert &bull; Katari Sport Bike\",\"isPartOf\":{\"@id\":\"https:\/\/katarisportbike.cl\/#website\"},\"primaryImageOfPage\":{\"@id\":\"https:\/\/katarisportbike.cl\/index.php\/producto\/epic-expert-2\/#primaryimage\"},\"datePublished\":\"2022-07-01T22:36:20+00:00\",\"dateModified\":\"2022-07-01T22:36:20+00:00\",\"breadcrumb\":{\"@id\":\"https:\/\/katarisportbike.cl\/index.php\/producto\/epic-expert-2\/#breadcrumb\"},\"inLanguage\":\"es-CL\",\"potentialAction\":[{\"@type\":\"ReadAction\",\"target\":[\"https:\/\/katarisportbike.cl\/index.php\/producto\/epic-expert-2\/\"]}]},{\"@type\":\"BreadcrumbList\",\"@id\":\"https:\/\/katarisportbike.cl\/index.php\/producto\/epic-expert-2\/#breadcrumb\",\"itemListElement\":[{\"@type\":\"ListItem\",\"position\":1,\"item\":{\"@type\":\"WebPage\",\"@id\":\"https:\/\/katarisportbike.cl\/\",\"url\":\"https:\/\/katarisportbike.cl\/\",\"name\":\"Home\"}},{\"@type\":\"ListItem\",\"position\":2,\"item\":{\"@type\":\"WebPage\",\"@id\":\"https:\/\/katarisportbike.cl\/index.php\/tienda\/\",\"url\":\"https:\/\/katarisportbike.cl\/index.php\/tienda\/\",\"name\":\"Tienda\"}},{\"@type\":\"ListItem\",\"position\":3,\"item\":{\"@type\":\"WebPage\",\"@id\":\"https:\/\/katarisportbike.cl\/index.php\/producto\/epic-expert-2\/\",\"url\":\"https:\/\/katarisportbike.cl\/index.php\/producto\/epic-expert-2\/\",\"name\":\"Epic Expert\"}}]}]}<\/script>\n<!-- \/ Yoast SEO plugin. -->","_links":{"self":[{"href":"https:\/\/katarisportbike.cl\/index.php\/wp-json\/wp\/v2\/product\/3211","targetHints":{"allow":["GET"]}}],"collection":[{"href":"https:\/\/katarisportbike.cl\/index.php\/wp-json\/wp\/v2\/product"}],"about":[{"href":"https:\/\/katarisportbike.cl\/index.php\/wp-json\/wp\/v2\/types\/product"}],"replies":[{"embeddable":true,"href":"https:\/\/katarisportbike.cl\/index.php\/wp-json\/wp\/v2\/comments?post=3211"}],"wp:featuredmedia":[{"embeddable":true,"href":"https:\/\/katarisportbike.cl\/index.php\/wp-json\/wp\/v2\/media\/3212"}],"wp:attachment":[{"href":"https:\/\/katarisportbike.cl\/index.php\/wp-json\/wp\/v2\/media?parent=3211"}],"curies":[{"name":"wp","href":"https:\/\/api.w.org\/{rel}","templated":true}]}}