{"id":3217,"date":"2022-07-04T19:21:46","date_gmt":"2022-07-04T19:21:46","guid":{"rendered":"https:\/\/katarisportbike.cl\/?post_type=product&#038;p=3217"},"modified":"2022-07-05T19:14:54","modified_gmt":"2022-07-05T19:14:54","slug":"vado-sl-4-0-eq-xl","status":"publish","type":"product","link":"https:\/\/katarisportbike.cl\/index.php\/producto\/vado-sl-4-0-eq-xl\/","title":{"rendered":"Turbo Vado SL 4.0 EQ XL"},"content":{"rendered":"<div>\n<p>No hay otra bicicleta el\u00e9ctrica con calidad, alcance y potencia de conducci\u00f3n como esta, con un peso lo suficientemente ligero como para llevarla en brazo. La Turbo Vado SL 4.0 EQ es la mejor para su viaje diario, diligencias r\u00e1pidas y para moverse por la ciudad. Las luces incorporadas y extra brillantes en la parte delantera y trasera significan que ver\u00e1s y ser\u00e1s visto. Los guardabarros DRYTECH mantienen el agua y el rociado de la carretera alejados, y un rack trasero est\u00e1ndar siempre est\u00e1 listo para sus maletas y alforjas. Esta es tu opci\u00f3n para el transporte local.<\/p>\n<\/div>\n<ul>\n<li>Bater\u00eda Specialized de 320Wh totalmente integrada y segura en el tubo inferior con compatibilidad opcional al Range Extender para hasta 195km de autonom\u00eda.<\/li>\n<li>Motor Specialized SL 1.1 liviano y personalizado, pico 240W \/ 35Nm, 2 x de amplificaci\u00f3n del cicl\u00edsta (180% de asistencia), asistencia hasta 45 kph.<\/li>\n<li>Rack trasero Turbo SL, compatible con Racktime para sus bolsas y alforjas favoritas, y guardabarros DRYTECH para mantenerte limpio y seco.<\/li>\n<li>Marco de aluminio E5 premium y liviano.<\/li>\n<li>Enrutamiento interno del cable, soportes para guardabarros \/ racks, y detalles de pintura reflectante.<\/li>\n<li>Frenos de disco hidr\u00e1ulicos premium para m\u00e1xima potencia de frenado.<\/li>\n<li>Iluminaci\u00f3n delantera y trasera integrada brillante para ver y ser visto.<\/li>\n<li>Marco de aluminio E5 premium y liviano.<\/li>\n<li>Enrutamiento interno del cable, soportes para guardabarros \/ racks, y detalles de pintura reflectante.<\/li>\n<\/ul>\n","protected":false},"excerpt":{"rendered":"<p>No hay otra bicicleta el\u00e9ctrica con calidad, alcance y potencia de conducci\u00f3n como esta, con un peso lo suficientemente ligero como para llevarla en brazo. La Turbo Vado SL 4.0 EQ es la mejor para su viaje diario, diligencias r\u00e1pidas y para moverse por la ciudad. Las luces incorporadas y extra brillantes en la parte [&hellip;]<\/p>\n","protected":false},"featured_media":3218,"comment_status":"open","ping_status":"closed","template":"","meta":[],"class_list":["post-3217","product","type-product","status-publish","has-post-thumbnail","hentry","product_cat-bicicletas"],"yoast_head":"<!-- This site is optimized with the Yoast SEO plugin v16.0.2 - https:\/\/yoast.com\/wordpress\/plugins\/seo\/ -->\n<title>Turbo Vado SL 4.0 EQ XL &bull; Katari Sport Bike<\/title>\n<link rel=\"canonical\" href=\"https:\/\/katarisportbike.cl\/index.php\/producto\/vado-sl-4-0-eq-xl\/\" \/>\n<meta property=\"og:locale\" content=\"es_ES\" \/>\n<meta property=\"og:type\" content=\"article\" \/>\n<meta property=\"og:title\" content=\"Turbo Vado SL 4.0 EQ XL &bull; Katari Sport Bike\" \/>\n<meta property=\"og:description\" content=\"No hay otra bicicleta el\u00e9ctrica con calidad, alcance y potencia de conducci\u00f3n como esta, con un peso lo suficientemente ligero como para llevarla en brazo. La Turbo Vado SL 4.0 EQ es la mejor para su viaje diario, diligencias r\u00e1pidas y para moverse por la ciudad. Las luces incorporadas y extra brillantes en la parte [&hellip;]\" \/>\n<meta property=\"og:url\" content=\"https:\/\/katarisportbike.cl\/index.php\/producto\/vado-sl-4-0-eq-xl\/\" \/>\n<meta property=\"og:site_name\" content=\"Katari Sport Bike\" \/>\n<meta property=\"article:modified_time\" content=\"2022-07-05T19:14:54+00:00\" \/>\n<meta property=\"og:image\" content=\"https:\/\/katarisportbike.cl\/wp-content\/uploads\/2022\/07\/Captura-de-Pantalla-2022-07-04-a-las-15.19.43.png\" \/>\n\t<meta property=\"og:image:width\" content=\"1197\" \/>\n\t<meta property=\"og:image:height\" content=\"671\" \/>\n<meta name=\"twitter:card\" content=\"summary_large_image\" \/>\n<meta name=\"twitter:label1\" content=\"Est. reading time\">\n\t<meta name=\"twitter:data1\" content=\"2 minutos\">\n<script type=\"application\/ld+json\" class=\"yoast-schema-graph\">{\"@context\":\"https:\/\/schema.org\",\"@graph\":[{\"@type\":\"WebSite\",\"@id\":\"https:\/\/katarisportbike.cl\/#website\",\"url\":\"https:\/\/katarisportbike.cl\/\",\"name\":\"Katari Sport Bike\",\"description\":\"Representante Oficial de Specialized en Antofagasta\",\"potentialAction\":[{\"@type\":\"SearchAction\",\"target\":\"https:\/\/katarisportbike.cl\/?s={search_term_string}\",\"query-input\":\"required name=search_term_string\"}],\"inLanguage\":\"es-CL\"},{\"@type\":\"ImageObject\",\"@id\":\"https:\/\/katarisportbike.cl\/index.php\/producto\/vado-sl-4-0-eq-xl\/#primaryimage\",\"inLanguage\":\"es-CL\",\"url\":\"https:\/\/katarisportbike.cl\/wp-content\/uploads\/2022\/07\/Captura-de-Pantalla-2022-07-04-a-las-15.19.43.png\",\"width\":1197,\"height\":671},{\"@type\":\"WebPage\",\"@id\":\"https:\/\/katarisportbike.cl\/index.php\/producto\/vado-sl-4-0-eq-xl\/#webpage\",\"url\":\"https:\/\/katarisportbike.cl\/index.php\/producto\/vado-sl-4-0-eq-xl\/\",\"name\":\"Turbo Vado SL 4.0 EQ XL &bull; Katari Sport Bike\",\"isPartOf\":{\"@id\":\"https:\/\/katarisportbike.cl\/#website\"},\"primaryImageOfPage\":{\"@id\":\"https:\/\/katarisportbike.cl\/index.php\/producto\/vado-sl-4-0-eq-xl\/#primaryimage\"},\"datePublished\":\"2022-07-04T19:21:46+00:00\",\"dateModified\":\"2022-07-05T19:14:54+00:00\",\"breadcrumb\":{\"@id\":\"https:\/\/katarisportbike.cl\/index.php\/producto\/vado-sl-4-0-eq-xl\/#breadcrumb\"},\"inLanguage\":\"es-CL\",\"potentialAction\":[{\"@type\":\"ReadAction\",\"target\":[\"https:\/\/katarisportbike.cl\/index.php\/producto\/vado-sl-4-0-eq-xl\/\"]}]},{\"@type\":\"BreadcrumbList\",\"@id\":\"https:\/\/katarisportbike.cl\/index.php\/producto\/vado-sl-4-0-eq-xl\/#breadcrumb\",\"itemListElement\":[{\"@type\":\"ListItem\",\"position\":1,\"item\":{\"@type\":\"WebPage\",\"@id\":\"https:\/\/katarisportbike.cl\/\",\"url\":\"https:\/\/katarisportbike.cl\/\",\"name\":\"Home\"}},{\"@type\":\"ListItem\",\"position\":2,\"item\":{\"@type\":\"WebPage\",\"@id\":\"https:\/\/katarisportbike.cl\/index.php\/tienda\/\",\"url\":\"https:\/\/katarisportbike.cl\/index.php\/tienda\/\",\"name\":\"Tienda\"}},{\"@type\":\"ListItem\",\"position\":3,\"item\":{\"@type\":\"WebPage\",\"@id\":\"https:\/\/katarisportbike.cl\/index.php\/producto\/vado-sl-4-0-eq-xl\/\",\"url\":\"https:\/\/katarisportbike.cl\/index.php\/producto\/vado-sl-4-0-eq-xl\/\",\"name\":\"Turbo Vado SL 4.0 EQ XL\"}}]}]}<\/script>\n<!-- \/ Yoast SEO plugin. -->","_links":{"self":[{"href":"https:\/\/katarisportbike.cl\/index.php\/wp-json\/wp\/v2\/product\/3217","targetHints":{"allow":["GET"]}}],"collection":[{"href":"https:\/\/katarisportbike.cl\/index.php\/wp-json\/wp\/v2\/product"}],"about":[{"href":"https:\/\/katarisportbike.cl\/index.php\/wp-json\/wp\/v2\/types\/product"}],"replies":[{"embeddable":true,"href":"https:\/\/katarisportbike.cl\/index.php\/wp-json\/wp\/v2\/comments?post=3217"}],"wp:featuredmedia":[{"embeddable":true,"href":"https:\/\/katarisportbike.cl\/index.php\/wp-json\/wp\/v2\/media\/3218"}],"wp:attachment":[{"href":"https:\/\/katarisportbike.cl\/index.php\/wp-json\/wp\/v2\/media?parent=3217"}],"curies":[{"name":"wp","href":"https:\/\/api.w.org\/{rel}","templated":true}]}}