{"id":3219,"date":"2022-07-04T19:35:38","date_gmt":"2022-07-04T19:35:38","guid":{"rendered":"https:\/\/katarisportbike.cl\/?post_type=product&#038;p=3219"},"modified":"2022-07-04T19:35:38","modified_gmt":"2022-07-04T19:35:38","slug":"turbo-creo-sl-comp-e5-m","status":"publish","type":"product","link":"https:\/\/katarisportbike.cl\/index.php\/producto\/turbo-creo-sl-comp-e5-m\/","title":{"rendered":"Turbo Creo SL Comp E5 M"},"content":{"rendered":"<p><span>El Turbo Creo SL E5 Comp cuenta con un cuadro de aluminio premium E5 y un Future Shock 1.5.\u00a0Para la especificaci\u00f3n, incluimos un grupo 1x Shimano GRX para asumir las tareas de cambio y frenado, mientras que las ruedas DT R470 Boost \u2122 se envuelven en neum\u00e1ticos Turbo Pro de 28 mm para que puedas rodar sin preocupaciones.\u00a0Y para el sill\u00edn, encontrar\u00e1s que nuestro Body Geometry Power Sport favorito de los fan\u00e1ticos brinda mucha comodidad.<\/span><\/p>\n<p>&nbsp;<\/p>\n<ul>\n<li><span>La Creo SL es la bicicleta el\u00e9ctrica m\u00e1s ligera de su clase, literalmente kilogramos m\u00e1s ligera que la competencia.\u00a0El cuadro de aleaci\u00f3n E5 ligero y r\u00edgido no solo inspira a bailar sobre los pedales y a zambullirse en las curvas, sino que tambi\u00e9n reduce el peso general del sistema y aumenta el alcance.<\/span><\/li>\n<li><span>El motor liviano SL 1.1 duplica su esfuerzo con hasta 240 vatios de asistencia silenciosa y poderosa para amplificar su viaje.\u00a0La curva de par de respuesta del motor ofrece una potencia perfectamente en sinton\u00eda con su cadencia de conducci\u00f3n normal y no deja resistencia cuando se conduce sin ayuda.<\/span><\/li>\n<li><span>\u00bfAnsiedad por la bater\u00eda?\u00a0No en Creo SL.\u00a0Con hasta 80 millas de alcance de la bater\u00eda interna, el Creo SL consume grandes millas y largos d\u00edas.\u00a0Nuestro extensor de alcance opcional proporciona hasta 40 millas adicionales de potencia para aplastar monta\u00f1as.<\/span><\/li>\n<li><span>Al conectarse con nuestra aplicaci\u00f3n Mission Control, puede ajustar el motor SL 1.1 a su estilo de conducci\u00f3n, grabar recorridos y controlar la bater\u00eda.\u00a0La aplicaci\u00f3n tambi\u00e9n puede manejar la administraci\u00f3n de la bater\u00eda autom\u00e1ticamente, lo que garantiza que la bater\u00eda dure todo el tiempo que la necesite.\u00a0El motor incluso tiene un medidor de potencia incorporado que transmite a cualquier unidad principal ANT %2B.\u00a0\u00bfNo quieres conectarte?\u00a0No se preocupe, la unidad Turbo Connect (TCU) en el tubo superior le brinda todo el control que necesita para conducir.<\/span><\/li>\n<li><span>Con 20 mm de recorrido de domesticaci\u00f3n por caminos dif\u00edciles, el Future Shock 1.5 no solo ofrece una conducci\u00f3n m\u00e1s suave y c\u00f3moda, sino que tambi\u00e9n reduce la fatiga y aumenta la velocidad en terrenos dif\u00edciles.\u00a0El nuevo Smooth Boot, mientras tanto, mejora la est\u00e9tica para brindar una transici\u00f3n limpia desde el tubo de direcci\u00f3n hasta la potencia.<\/span><\/li>\n<li><span>Hemos aprendido que puede haber m\u00e1s diferencias entre dos ciclistas masculinos que entre un ciclista masculino y una ciclista femenina.\u00a0El g\u00e9nero por s\u00ed solo no proporciona suficientes datos para especializarse.\u00a0Significa que separar las bicicletas en hombres o mujeres es arbitrario y est\u00e1 desactualizado.\u00a0Con esto en mente, hemos desarrollado una geometr\u00eda que se adapta mejor a todos los ciclistas: una que es c\u00f3moda, \u00e1gil y se maneja como un sue\u00f1o.<\/span><\/li>\n<\/ul>\n","protected":false},"excerpt":{"rendered":"<p>El Turbo Creo SL E5 Comp cuenta con un cuadro de aluminio premium E5 y un Future Shock 1.5.\u00a0Para la especificaci\u00f3n, incluimos un grupo 1x Shimano GRX para asumir las tareas de cambio y frenado, mientras que las ruedas DT R470 Boost \u2122 se envuelven en neum\u00e1ticos Turbo Pro de 28 mm para que puedas [&hellip;]<\/p>\n","protected":false},"featured_media":3220,"comment_status":"open","ping_status":"closed","template":"","meta":[],"class_list":["post-3219","product","type-product","status-publish","has-post-thumbnail","hentry","product_cat-bicicletas"],"yoast_head":"<!-- This site is optimized with the Yoast SEO plugin v16.0.2 - https:\/\/yoast.com\/wordpress\/plugins\/seo\/ -->\n<title>Turbo Creo SL Comp E5 M &bull; Katari Sport Bike<\/title>\n<link rel=\"canonical\" href=\"https:\/\/katarisportbike.cl\/index.php\/producto\/turbo-creo-sl-comp-e5-m\/\" \/>\n<meta property=\"og:locale\" content=\"es_ES\" \/>\n<meta property=\"og:type\" content=\"article\" \/>\n<meta property=\"og:title\" content=\"Turbo Creo SL Comp E5 M &bull; Katari Sport Bike\" \/>\n<meta property=\"og:description\" content=\"El Turbo Creo SL E5 Comp cuenta con un cuadro de aluminio premium E5 y un Future Shock 1.5.\u00a0Para la especificaci\u00f3n, incluimos un grupo 1x Shimano GRX para asumir las tareas de cambio y frenado, mientras que las ruedas DT R470 Boost \u2122 se envuelven en neum\u00e1ticos Turbo Pro de 28 mm para que puedas [&hellip;]\" \/>\n<meta property=\"og:url\" content=\"https:\/\/katarisportbike.cl\/index.php\/producto\/turbo-creo-sl-comp-e5-m\/\" \/>\n<meta property=\"og:site_name\" content=\"Katari Sport Bike\" \/>\n<meta property=\"og:image\" content=\"https:\/\/katarisportbike.cl\/wp-content\/uploads\/2022\/07\/Captura-de-Pantalla-2022-07-04-a-las-15.27.07.png\" \/>\n\t<meta property=\"og:image:width\" content=\"671\" \/>\n\t<meta property=\"og:image:height\" content=\"598\" \/>\n<meta name=\"twitter:card\" content=\"summary_large_image\" \/>\n<meta name=\"twitter:label1\" content=\"Est. reading time\">\n\t<meta name=\"twitter:data1\" content=\"2 minutos\">\n<script type=\"application\/ld+json\" class=\"yoast-schema-graph\">{\"@context\":\"https:\/\/schema.org\",\"@graph\":[{\"@type\":\"WebSite\",\"@id\":\"https:\/\/katarisportbike.cl\/#website\",\"url\":\"https:\/\/katarisportbike.cl\/\",\"name\":\"Katari Sport Bike\",\"description\":\"Representante Oficial de Specialized en Antofagasta\",\"potentialAction\":[{\"@type\":\"SearchAction\",\"target\":\"https:\/\/katarisportbike.cl\/?s={search_term_string}\",\"query-input\":\"required name=search_term_string\"}],\"inLanguage\":\"es-CL\"},{\"@type\":\"ImageObject\",\"@id\":\"https:\/\/katarisportbike.cl\/index.php\/producto\/turbo-creo-sl-comp-e5-m\/#primaryimage\",\"inLanguage\":\"es-CL\",\"url\":\"https:\/\/katarisportbike.cl\/wp-content\/uploads\/2022\/07\/Captura-de-Pantalla-2022-07-04-a-las-15.27.07.png\",\"width\":671,\"height\":598},{\"@type\":\"WebPage\",\"@id\":\"https:\/\/katarisportbike.cl\/index.php\/producto\/turbo-creo-sl-comp-e5-m\/#webpage\",\"url\":\"https:\/\/katarisportbike.cl\/index.php\/producto\/turbo-creo-sl-comp-e5-m\/\",\"name\":\"Turbo Creo SL Comp E5 M &bull; Katari Sport Bike\",\"isPartOf\":{\"@id\":\"https:\/\/katarisportbike.cl\/#website\"},\"primaryImageOfPage\":{\"@id\":\"https:\/\/katarisportbike.cl\/index.php\/producto\/turbo-creo-sl-comp-e5-m\/#primaryimage\"},\"datePublished\":\"2022-07-04T19:35:38+00:00\",\"dateModified\":\"2022-07-04T19:35:38+00:00\",\"breadcrumb\":{\"@id\":\"https:\/\/katarisportbike.cl\/index.php\/producto\/turbo-creo-sl-comp-e5-m\/#breadcrumb\"},\"inLanguage\":\"es-CL\",\"potentialAction\":[{\"@type\":\"ReadAction\",\"target\":[\"https:\/\/katarisportbike.cl\/index.php\/producto\/turbo-creo-sl-comp-e5-m\/\"]}]},{\"@type\":\"BreadcrumbList\",\"@id\":\"https:\/\/katarisportbike.cl\/index.php\/producto\/turbo-creo-sl-comp-e5-m\/#breadcrumb\",\"itemListElement\":[{\"@type\":\"ListItem\",\"position\":1,\"item\":{\"@type\":\"WebPage\",\"@id\":\"https:\/\/katarisportbike.cl\/\",\"url\":\"https:\/\/katarisportbike.cl\/\",\"name\":\"Home\"}},{\"@type\":\"ListItem\",\"position\":2,\"item\":{\"@type\":\"WebPage\",\"@id\":\"https:\/\/katarisportbike.cl\/index.php\/tienda\/\",\"url\":\"https:\/\/katarisportbike.cl\/index.php\/tienda\/\",\"name\":\"Tienda\"}},{\"@type\":\"ListItem\",\"position\":3,\"item\":{\"@type\":\"WebPage\",\"@id\":\"https:\/\/katarisportbike.cl\/index.php\/producto\/turbo-creo-sl-comp-e5-m\/\",\"url\":\"https:\/\/katarisportbike.cl\/index.php\/producto\/turbo-creo-sl-comp-e5-m\/\",\"name\":\"Turbo Creo SL Comp E5 M\"}}]}]}<\/script>\n<!-- \/ Yoast SEO plugin. -->","_links":{"self":[{"href":"https:\/\/katarisportbike.cl\/index.php\/wp-json\/wp\/v2\/product\/3219","targetHints":{"allow":["GET"]}}],"collection":[{"href":"https:\/\/katarisportbike.cl\/index.php\/wp-json\/wp\/v2\/product"}],"about":[{"href":"https:\/\/katarisportbike.cl\/index.php\/wp-json\/wp\/v2\/types\/product"}],"replies":[{"embeddable":true,"href":"https:\/\/katarisportbike.cl\/index.php\/wp-json\/wp\/v2\/comments?post=3219"}],"wp:featuredmedia":[{"embeddable":true,"href":"https:\/\/katarisportbike.cl\/index.php\/wp-json\/wp\/v2\/media\/3220"}],"wp:attachment":[{"href":"https:\/\/katarisportbike.cl\/index.php\/wp-json\/wp\/v2\/media?parent=3219"}],"curies":[{"name":"wp","href":"https:\/\/api.w.org\/{rel}","templated":true}]}}